{"id":563,"date":"2020-07-03T10:20:40","date_gmt":"2020-07-03T08:20:40","guid":{"rendered":"https:\/\/soft-tls.com\/impresum\/"},"modified":"2025-12-09T12:14:17","modified_gmt":"2025-12-09T11:14:17","slug":"impresum","status":"publish","type":"page","link":"https:\/\/soft-tls.com\/bs\/impresum\/","title":{"rendered":"Impresum"},"content":{"rendered":"\n<p>S.I.E.G.E.L. Akademija za metalne struke i usavr\u0161avanje d.o.o.<\/p>\n\n<p>Direktor: Ivica Vrbanic<\/p>\n\n<p>Kirchenstrasse 26<br\/>67069 Ludwigshafen<\/p>\n\n<p>Tel.: +49 621 545 79977<br\/><br\/>E-mail: info (@) siegel-akademie.de<\/p>\n\n<p>Poreska uprava: Ludwigshafen am Rhein<br\/>Poreski broj: 27\/667\/02951<br\/>PDV identifikacioni broj: DE308826936<\/p>\n\n<p>Op\u0161tinski sud: Ludwigshafen am Rhein<br\/>HRB: 65240<\/p>\n\n<p><\/p>\n\n<p><strong>SOFT-TLS d.o.o.<\/strong><\/p>\n\n<p>Direktor: Nikola Te\u0161i\u0107<\/p>\n\n<p>7. Jula 24 , 18220 Aleksinac, Srbija<\/p>\n\n<p>Tel.: +381 656 967 850<\/p>\n\n<p>E-mail: info ( @ ) soft-tls.com<\/p>\n\n<p>HRN: 22032941<\/p>\n\n<p>PDV identifikacioni broj: 114533789<\/p>\n","protected":false},"excerpt":{"rendered":"<p>S.I.E.G.E.L. Akademija za metalne struke i usavr\u0161avanje d.o.o. Direktor: Ivica Vrbanic Kirchenstrasse 2667069 Ludwigshafen Tel.: +49 621 545 79977 E-mail: info (@) siegel-akademie.de Poreska uprava: Ludwigshafen am RheinPoreski broj: 27\/667\/02951PDV identifikacioni broj: DE308826936 Op\u0161tinski sud: Ludwigshafen am RheinHRB: 65240 SOFT-TLS d.o.o. Direktor: Nikola Te\u0161i\u0107 7. Jula 24 , 18220 Aleksinac, Srbija Tel.: +381 656 967&hellip; <br \/> <a class=\"read-more\" href=\"https:\/\/soft-tls.com\/bs\/impresum\/\">Read more<\/a><\/p>\n","protected":false},"author":1,"featured_media":0,"parent":0,"menu_order":0,"comment_status":"closed","ping_status":"closed","template":"","meta":{"footnotes":""},"class_list":["post-563","page","type-page","status-publish","hentry"],"_links":{"self":[{"href":"https:\/\/soft-tls.com\/bs\/wp-json\/wp\/v2\/pages\/563","targetHints":{"allow":["GET"]}}],"collection":[{"href":"https:\/\/soft-tls.com\/bs\/wp-json\/wp\/v2\/pages"}],"about":[{"href":"https:\/\/soft-tls.com\/bs\/wp-json\/wp\/v2\/types\/page"}],"author":[{"embeddable":true,"href":"https:\/\/soft-tls.com\/bs\/wp-json\/wp\/v2\/users\/1"}],"replies":[{"embeddable":true,"href":"https:\/\/soft-tls.com\/bs\/wp-json\/wp\/v2\/comments?post=563"}],"version-history":[{"count":1,"href":"https:\/\/soft-tls.com\/bs\/wp-json\/wp\/v2\/pages\/563\/revisions"}],"predecessor-version":[{"id":564,"href":"https:\/\/soft-tls.com\/bs\/wp-json\/wp\/v2\/pages\/563\/revisions\/564"}],"wp:attachment":[{"href":"https:\/\/soft-tls.com\/bs\/wp-json\/wp\/v2\/media?parent=563"}],"curies":[{"name":"wp","href":"https:\/\/api.w.org\/{rel}","templated":true}]}}