{"id":479,"date":"2020-07-03T10:20:40","date_gmt":"2020-07-03T08:20:40","guid":{"rendered":"https:\/\/soft-tls.com\/impresum\/"},"modified":"2025-12-09T11:11:03","modified_gmt":"2025-12-09T10:11:03","slug":"impresum","status":"publish","type":"page","link":"https:\/\/soft-tls.com\/sl\/impresum\/","title":{"rendered":"Impresum"},"content":{"rendered":"\n<p>S.I.E.G.E.L. Akademie f\u00fcr Metallberufe und Weiterbildungen GmbH<\/p>\n\n<p>Direktor: Ivica Vrbanic<\/p>\n\n<p>Kirchenstrasse 26<br\/>67069 Ludwigshafen<\/p>\n\n<p>Tel.: +49 621 545 79977<br\/><br\/>E-po\u0161ta: info (@) siegel-akademie.de<\/p>\n\n<p>Dav\u010dni urad: Ludwigshafen am Rhein<br\/>Dav\u010dna \u0161t.: 27\/667\/02951<br\/>ID za DDV: DE308826936<\/p>\n\n<p>Okro\u017eno sodi\u0161\u010de: Ludwigshafen am Rhein<br\/>HRB: 65240<\/p>\n\n<p><\/p>\n\n<p><strong>SOFT-TLS d.o.o.<\/strong><\/p>\n\n<p>Direktor: Nikola Te\u0161i\u0107<\/p>\n\n<p>7. Jula 24 , 18220 Aleksinac, Srbija<\/p>\n\n<p>Tel.: +381 656 967 850<\/p>\n\n<p>E-po\u0161ta: info ( @ ) soft-tls.com<\/p>\n\n<p>HRN: 22032941<\/p>\n\n<p>ID za DDV: 114533789<\/p>\n","protected":false},"excerpt":{"rendered":"<p>S.I.E.G.E.L. Akademie f\u00fcr Metallberufe und Weiterbildungen GmbH Direktor: Ivica Vrbanic Kirchenstrasse 2667069 Ludwigshafen Tel.: +49 621 545 79977 E-po\u0161ta: info (@) siegel-akademie.de Dav\u010dni urad: Ludwigshafen am RheinDav\u010dna \u0161t.: 27\/667\/02951ID za DDV: DE308826936 Okro\u017eno sodi\u0161\u010de: Ludwigshafen am RheinHRB: 65240 SOFT-TLS d.o.o. Direktor: Nikola Te\u0161i\u0107 7. Jula 24 , 18220 Aleksinac, Srbija Tel.: +381 656 967 850&hellip; <br \/> <a class=\"read-more\" href=\"https:\/\/soft-tls.com\/sl\/impresum\/\">Read more<\/a><\/p>\n","protected":false},"author":1,"featured_media":0,"parent":0,"menu_order":0,"comment_status":"closed","ping_status":"closed","template":"","meta":{"footnotes":""},"class_list":["post-479","page","type-page","status-publish","hentry"],"_links":{"self":[{"href":"https:\/\/soft-tls.com\/sl\/wp-json\/wp\/v2\/pages\/479","targetHints":{"allow":["GET"]}}],"collection":[{"href":"https:\/\/soft-tls.com\/sl\/wp-json\/wp\/v2\/pages"}],"about":[{"href":"https:\/\/soft-tls.com\/sl\/wp-json\/wp\/v2\/types\/page"}],"author":[{"embeddable":true,"href":"https:\/\/soft-tls.com\/sl\/wp-json\/wp\/v2\/users\/1"}],"replies":[{"embeddable":true,"href":"https:\/\/soft-tls.com\/sl\/wp-json\/wp\/v2\/comments?post=479"}],"version-history":[{"count":1,"href":"https:\/\/soft-tls.com\/sl\/wp-json\/wp\/v2\/pages\/479\/revisions"}],"predecessor-version":[{"id":480,"href":"https:\/\/soft-tls.com\/sl\/wp-json\/wp\/v2\/pages\/479\/revisions\/480"}],"wp:attachment":[{"href":"https:\/\/soft-tls.com\/sl\/wp-json\/wp\/v2\/media?parent=479"}],"curies":[{"name":"wp","href":"https:\/\/api.w.org\/{rel}","templated":true}]}}